{"id":1212,"date":"2024-10-21T10:26:28","date_gmt":"2024-10-21T08:26:28","guid":{"rendered":"https:\/\/frenchrivieraagency.com\/?page_id=1212"},"modified":"2025-06-04T15:08:02","modified_gmt":"2025-06-04T13:08:02","slug":"1212-2","status":"publish","type":"page","link":"https:\/\/frenchrivieraagency.com\/index.php\/1212-2\/","title":{"rendered":"OMA"},"content":{"rendered":"<p>[et_pb_section fb_built=\u00a0\u00bb1&Prime; _builder_version=\u00a0\u00bb4.23.1&Prime; _module_preset=\u00a0\u00bbdefault\u00a0\u00bb background_color=\u00a0\u00bb#000000&Prime; min_height=\u00a0\u00bb337.6px\u00a0\u00bb custom_padding=\u00a0\u00bb0px||0px|||\u00a0\u00bb global_colors_info=\u00a0\u00bb{}\u00a0\u00bb][et_pb_row _builder_version=\u00a0\u00bb4.23.1&Prime; _module_preset=\u00a0\u00bbdefault\u00a0\u00bb custom_padding=\u00a0\u00bb0px|||||\u00a0\u00bb global_colors_info=\u00a0\u00bb{}\u00a0\u00bb][et_pb_column type=\u00a0\u00bb4_4&Prime; _builder_version=\u00a0\u00bb4.23.1&Prime; _module_preset=\u00a0\u00bbdefault\u00a0\u00bb global_colors_info=\u00a0\u00bb{}\u00a0\u00bb][et_pb_text _builder_version=\u00a0\u00bb4.23.1&Prime; _module_preset=\u00a0\u00bbdefault\u00a0\u00bb text_font=\u00a0\u00bbPlayfair Display|800|||||||\u00a0\u00bb custom_padding=\u00a0\u00bb0px||34px|||\u00a0\u00bb text_font_last_edited=\u00a0\u00bboff|desktop\u00a0\u00bb inline_fonts=\u00a0\u00bbPlayfair Display SC\u00a0\u00bb global_colors_info=\u00a0\u00bb{}\u00a0\u00bb]<\/p>\n<h1 style=\"text-align: center;\"><span style=\"font-family: 'Playfair Display SC'; font-weight: normal;\"><strong><span style=\"color: #f0d591;\">OMA CLUB<\/span><\/strong><\/span><\/h1>\n<p>[\/et_pb_text][\/et_pb_column][\/et_pb_row][et_pb_row _builder_version=\u00a0\u00bb4.23.1&Prime; _module_preset=\u00a0\u00bbdefault\u00a0\u00bb min_height=\u00a0\u00bb298.6px\u00a0\u00bb custom_margin=\u00a0\u00bb-58px|auto||auto||\u00a0\u00bb global_colors_info=\u00a0\u00bb{}\u00a0\u00bb][et_pb_column type=\u00a0\u00bb4_4&Prime; _builder_version=\u00a0\u00bb4.23.1&Prime; _module_preset=\u00a0\u00bbdefault\u00a0\u00bb global_colors_info=\u00a0\u00bb{}\u00a0\u00bb][et_pb_text _builder_version=\u00a0\u00bb4.23.1&Prime; _module_preset=\u00a0\u00bbdefault\u00a0\u00bb max_width=\u00a0\u00bb74%\u00a0\u00bb module_alignment=\u00a0\u00bbcenter\u00a0\u00bb custom_margin=\u00a0\u00bb||1px|||\u00a0\u00bb custom_padding=\u00a0\u00bb||10px|||\u00a0\u00bb global_colors_info=\u00a0\u00bb{}\u00a0\u00bb]<\/p>\n<p style=\"text-align: center;\"><span style=\"color: #ffffff;\">\u00d4m\u00e3 contraction du \u00f5m et de ma entre la cr\u00e9ation du premier son qui cr\u00e9a l\u2019univers et la terre m\u00e8re qui donna lieu a un concept hindouiste immersif unique. <\/span><\/p>\n<p style=\"text-align: center;\"><span style=\"color: #ffffff;\">Plongez au coeur d\u2019un temple spirituel en ruine perdu dans une jungle luxuriante. Inspir\u00e9 par la fusion de l\u2019ancien et du moderne, cet espace mystique est r\u00e9appropri\u00e9 par une tribu Oma qui transforme les lieux en un sanctuaire vibrant. <\/span><\/p>\n<p style=\"text-align: center;\"><span style=\"color: #ffffff;\">Ici, les rythmes tribaux rencontrent la musique \u00e9lectronique, cr\u00e9ant une exp\u00e9rience unique, entre spiritualit\u00e9 et f\u00eate. <\/span><\/p>\n<p style=\"text-align: center;\"><span style=\"color: #ffffff;\">Les visiteurs sont invit\u00e9s \u00e0 participer \u00e0 des rituels contemporains tous les jeudis vendredis et samedis de 22h30 \u00e0 3h<\/span><\/p>\n<h3 style=\"text-align: center;\"><span style=\"font-size: large;\"><\/span><\/h3>\n<p><span style=\"font-size: large;\"><\/span><\/p>\n<h3 style=\"text-align: center;\"><span style=\"font-size: large;\"><i style=\"color: #f0d591;\" class=\"fa-brands fa-instagram\" aria-hidden=\"true\"><\/i> <a style=\"color: #f0d591;\" href=\"https:\/\/www.instagram.com\/oma_club_\/\">oma_club_<\/a><\/span><\/h3>\n<p>[\/et_pb_text][et_pb_button button_text=\u00a0\u00bbR\u00e9server\u00a0\u00bb _builder_version=\u00a0\u00bb4.23.1&Prime; _module_preset=\u00a0\u00bbdefault\u00a0\u00bb button_alignment=\u00a0\u00bbcenter\u00a0\u00bb custom_button=\u00a0\u00bbon\u00a0\u00bb button_text_color=\u00a0\u00bb#f0d591&Prime; button_icon=\u00a0\u00bb&#x24;||divi||400&Prime; button_url=\u00a0\u00bbbookings.zenchef.com\/results?rid=370202&#038;pid=instagram\u00a0\u00bb hover_enabled=\u00a0\u00bb0&Prime; sticky_enabled=\u00a0\u00bb0&Prime;][\/et_pb_button][\/et_pb_column][\/et_pb_row][\/et_pb_section][et_pb_section fb_built=\u00a0\u00bb1&Prime; _builder_version=\u00a0\u00bb4.23.1&Prime; _module_preset=\u00a0\u00bbdefault\u00a0\u00bb background_color=\u00a0\u00bb#000000&Prime; custom_padding=\u00a0\u00bb0px|||||\u00a0\u00bb global_colors_info=\u00a0\u00bb{}\u00a0\u00bb][et_pb_row _builder_version=\u00a0\u00bb4.23.1&Prime; _module_preset=\u00a0\u00bbdefault\u00a0\u00bb min_height=\u00a0\u00bb325px\u00a0\u00bb custom_margin=\u00a0\u00bb|auto|2px|auto||\u00a0\u00bb custom_padding=\u00a0\u00bb0px||0px|||\u00a0\u00bb global_colors_info=\u00a0\u00bb{}\u00a0\u00bb][et_pb_column type=\u00a0\u00bb4_4&Prime; _builder_version=\u00a0\u00bb4.23.1&Prime; _module_preset=\u00a0\u00bbdefault\u00a0\u00bb global_colors_info=\u00a0\u00bb{}\u00a0\u00bb][et_pb_image src=\u00a0\u00bbhttps:\/\/frenchrivieraagency.com\/wp-content\/uploads\/2024\/10\/O-M-A-1-1-300&#215;300.png\u00a0\u00bb title_text=\u00a0\u00bbO M A (1)\u00a0\u00bb align=\u00a0\u00bbcenter\u00a0\u00bb _builder_version=\u00a0\u00bb4.23.1&Prime; _module_preset=\u00a0\u00bbdefault\u00a0\u00bb global_colors_info=\u00a0\u00bb{}\u00a0\u00bb][\/et_pb_image][\/et_pb_column][\/et_pb_row][\/et_pb_section]<\/p>\n","protected":false},"excerpt":{"rendered":"<p>OMA CLUB\u00d4m\u00e3 contraction du \u00f5m et de ma entre la cr\u00e9ation du premier son qui cr\u00e9a l\u2019univers et la terre m\u00e8re qui donna lieu a un concept hindouiste immersif unique. Plongez au coeur d\u2019un temple spirituel en ruine perdu dans une jungle luxuriante. Inspir\u00e9 par la fusion de l\u2019ancien et du moderne, cet espace mystique [&hellip;]<\/p>\n","protected":false},"author":1,"featured_media":0,"parent":0,"menu_order":0,"comment_status":"closed","ping_status":"closed","template":"","meta":{"_et_pb_use_builder":"on","_et_pb_old_content":"","_et_gb_content_width":"","footnotes":""},"class_list":["post-1212","page","type-page","status-publish","hentry"],"yoast_head":"<!-- This site is optimized with the Yoast SEO plugin v21.5 - https:\/\/yoast.com\/wordpress\/plugins\/seo\/ -->\n<title>OMA - French Riviera Agency<\/title>\n<meta name=\"robots\" content=\"index, follow, max-snippet:-1, max-image-preview:large, max-video-preview:-1\" \/>\n<link rel=\"canonical\" href=\"https:\/\/frenchrivieraagency.com\/index.php\/1212-2\/\" \/>\n<meta property=\"og:locale\" content=\"fr_FR\" \/>\n<meta property=\"og:type\" content=\"article\" \/>\n<meta property=\"og:title\" content=\"OMA - French Riviera Agency\" \/>\n<meta property=\"og:description\" content=\"OMA CLUB\u00d4m\u00e3 contraction du \u00f5m et de ma entre la cr\u00e9ation du premier son qui cr\u00e9a l\u2019univers et la terre m\u00e8re qui donna lieu a un concept hindouiste immersif unique. Plongez au coeur d\u2019un temple spirituel en ruine perdu dans une jungle luxuriante. Inspir\u00e9 par la fusion de l\u2019ancien et du moderne, cet espace mystique [&hellip;]\" \/>\n<meta property=\"og:url\" content=\"https:\/\/frenchrivieraagency.com\/index.php\/1212-2\/\" \/>\n<meta property=\"og:site_name\" content=\"French Riviera Agency\" \/>\n<meta property=\"article:modified_time\" content=\"2025-06-04T13:08:02+00:00\" \/>\n<meta name=\"twitter:card\" content=\"summary_large_image\" \/>\n<script type=\"application\/ld+json\" class=\"yoast-schema-graph\">{\"@context\":\"https:\/\/schema.org\",\"@graph\":[{\"@type\":\"WebPage\",\"@id\":\"https:\/\/frenchrivieraagency.com\/index.php\/1212-2\/\",\"url\":\"https:\/\/frenchrivieraagency.com\/index.php\/1212-2\/\",\"name\":\"OMA - French Riviera Agency\",\"isPartOf\":{\"@id\":\"https:\/\/frenchrivieraagency.com\/#website\"},\"datePublished\":\"2024-10-21T08:26:28+00:00\",\"dateModified\":\"2025-06-04T13:08:02+00:00\",\"breadcrumb\":{\"@id\":\"https:\/\/frenchrivieraagency.com\/index.php\/1212-2\/#breadcrumb\"},\"inLanguage\":\"fr-FR\",\"potentialAction\":[{\"@type\":\"ReadAction\",\"target\":[\"https:\/\/frenchrivieraagency.com\/index.php\/1212-2\/\"]}]},{\"@type\":\"BreadcrumbList\",\"@id\":\"https:\/\/frenchrivieraagency.com\/index.php\/1212-2\/#breadcrumb\",\"itemListElement\":[{\"@type\":\"ListItem\",\"position\":1,\"name\":\"Accueil\",\"item\":\"https:\/\/frenchrivieraagency.com\/\"},{\"@type\":\"ListItem\",\"position\":2,\"name\":\"OMA\"}]},{\"@type\":\"WebSite\",\"@id\":\"https:\/\/frenchrivieraagency.com\/#website\",\"url\":\"https:\/\/frenchrivieraagency.com\/\",\"name\":\"French Riviera Agency\",\"description\":\"Votre Portail pour des \u00c9v\u00e9nements Incomparables sur la C\u00f4te d&#039;Azur\",\"publisher\":{\"@id\":\"https:\/\/frenchrivieraagency.com\/#organization\"},\"potentialAction\":[{\"@type\":\"SearchAction\",\"target\":{\"@type\":\"EntryPoint\",\"urlTemplate\":\"https:\/\/frenchrivieraagency.com\/?s={search_term_string}\"},\"query-input\":\"required name=search_term_string\"}],\"inLanguage\":\"fr-FR\"},{\"@type\":\"Organization\",\"@id\":\"https:\/\/frenchrivieraagency.com\/#organization\",\"name\":\"French Riviera Agency\",\"url\":\"https:\/\/frenchrivieraagency.com\/\",\"logo\":{\"@type\":\"ImageObject\",\"inLanguage\":\"fr-FR\",\"@id\":\"https:\/\/frenchrivieraagency.com\/#\/schema\/logo\/image\/\",\"url\":\"https:\/\/frenchrivieraagency.com\/wp-content\/uploads\/2024\/04\/Logo-FRA-Redimensionne-Nouvelle-version.png\",\"contentUrl\":\"https:\/\/frenchrivieraagency.com\/wp-content\/uploads\/2024\/04\/Logo-FRA-Redimensionne-Nouvelle-version.png\",\"width\":950,\"height\":714,\"caption\":\"French Riviera Agency\"},\"image\":{\"@id\":\"https:\/\/frenchrivieraagency.com\/#\/schema\/logo\/image\/\"}}]}<\/script>\n<!-- \/ Yoast SEO plugin. -->","yoast_head_json":{"title":"OMA - French Riviera Agency","robots":{"index":"index","follow":"follow","max-snippet":"max-snippet:-1","max-image-preview":"max-image-preview:large","max-video-preview":"max-video-preview:-1"},"canonical":"https:\/\/frenchrivieraagency.com\/index.php\/1212-2\/","og_locale":"fr_FR","og_type":"article","og_title":"OMA - French Riviera Agency","og_description":"OMA CLUB\u00d4m\u00e3 contraction du \u00f5m et de ma entre la cr\u00e9ation du premier son qui cr\u00e9a l\u2019univers et la terre m\u00e8re qui donna lieu a un concept hindouiste immersif unique. Plongez au coeur d\u2019un temple spirituel en ruine perdu dans une jungle luxuriante. Inspir\u00e9 par la fusion de l\u2019ancien et du moderne, cet espace mystique [&hellip;]","og_url":"https:\/\/frenchrivieraagency.com\/index.php\/1212-2\/","og_site_name":"French Riviera Agency","article_modified_time":"2025-06-04T13:08:02+00:00","twitter_card":"summary_large_image","schema":{"@context":"https:\/\/schema.org","@graph":[{"@type":"WebPage","@id":"https:\/\/frenchrivieraagency.com\/index.php\/1212-2\/","url":"https:\/\/frenchrivieraagency.com\/index.php\/1212-2\/","name":"OMA - French Riviera Agency","isPartOf":{"@id":"https:\/\/frenchrivieraagency.com\/#website"},"datePublished":"2024-10-21T08:26:28+00:00","dateModified":"2025-06-04T13:08:02+00:00","breadcrumb":{"@id":"https:\/\/frenchrivieraagency.com\/index.php\/1212-2\/#breadcrumb"},"inLanguage":"fr-FR","potentialAction":[{"@type":"ReadAction","target":["https:\/\/frenchrivieraagency.com\/index.php\/1212-2\/"]}]},{"@type":"BreadcrumbList","@id":"https:\/\/frenchrivieraagency.com\/index.php\/1212-2\/#breadcrumb","itemListElement":[{"@type":"ListItem","position":1,"name":"Accueil","item":"https:\/\/frenchrivieraagency.com\/"},{"@type":"ListItem","position":2,"name":"OMA"}]},{"@type":"WebSite","@id":"https:\/\/frenchrivieraagency.com\/#website","url":"https:\/\/frenchrivieraagency.com\/","name":"French Riviera Agency","description":"Votre Portail pour des \u00c9v\u00e9nements Incomparables sur la C\u00f4te d&#039;Azur","publisher":{"@id":"https:\/\/frenchrivieraagency.com\/#organization"},"potentialAction":[{"@type":"SearchAction","target":{"@type":"EntryPoint","urlTemplate":"https:\/\/frenchrivieraagency.com\/?s={search_term_string}"},"query-input":"required name=search_term_string"}],"inLanguage":"fr-FR"},{"@type":"Organization","@id":"https:\/\/frenchrivieraagency.com\/#organization","name":"French Riviera Agency","url":"https:\/\/frenchrivieraagency.com\/","logo":{"@type":"ImageObject","inLanguage":"fr-FR","@id":"https:\/\/frenchrivieraagency.com\/#\/schema\/logo\/image\/","url":"https:\/\/frenchrivieraagency.com\/wp-content\/uploads\/2024\/04\/Logo-FRA-Redimensionne-Nouvelle-version.png","contentUrl":"https:\/\/frenchrivieraagency.com\/wp-content\/uploads\/2024\/04\/Logo-FRA-Redimensionne-Nouvelle-version.png","width":950,"height":714,"caption":"French Riviera Agency"},"image":{"@id":"https:\/\/frenchrivieraagency.com\/#\/schema\/logo\/image\/"}}]}},"jetpack_sharing_enabled":true,"_links":{"self":[{"href":"https:\/\/frenchrivieraagency.com\/index.php\/wp-json\/wp\/v2\/pages\/1212","targetHints":{"allow":["GET"]}}],"collection":[{"href":"https:\/\/frenchrivieraagency.com\/index.php\/wp-json\/wp\/v2\/pages"}],"about":[{"href":"https:\/\/frenchrivieraagency.com\/index.php\/wp-json\/wp\/v2\/types\/page"}],"author":[{"embeddable":true,"href":"https:\/\/frenchrivieraagency.com\/index.php\/wp-json\/wp\/v2\/users\/1"}],"replies":[{"embeddable":true,"href":"https:\/\/frenchrivieraagency.com\/index.php\/wp-json\/wp\/v2\/comments?post=1212"}],"version-history":[{"count":25,"href":"https:\/\/frenchrivieraagency.com\/index.php\/wp-json\/wp\/v2\/pages\/1212\/revisions"}],"predecessor-version":[{"id":1302,"href":"https:\/\/frenchrivieraagency.com\/index.php\/wp-json\/wp\/v2\/pages\/1212\/revisions\/1302"}],"wp:attachment":[{"href":"https:\/\/frenchrivieraagency.com\/index.php\/wp-json\/wp\/v2\/media?parent=1212"}],"curies":[{"name":"wp","href":"https:\/\/api.w.org\/{rel}","templated":true}]}}