{"id":87,"date":"2023-11-20T21:30:23","date_gmt":"2023-11-20T20:30:23","guid":{"rendered":"https:\/\/frenchrivieraagaency.com\/?page_id=87"},"modified":"2025-03-31T18:20:14","modified_gmt":"2025-03-31T16:20:14","slug":"equipe","status":"publish","type":"page","link":"https:\/\/frenchrivieraagency.com\/index.php\/equipe\/","title":{"rendered":"Notre \u00e9quipe"},"content":{"rendered":"<p>[et_pb_section fb_built=\u00a0\u00bb1&Prime; admin_label=\u00a0\u00bbMenus\u00a0\u00bb _builder_version=\u00a0\u00bb4.23.1&Prime; background_color=\u00a0\u00bb#000000&Prime; background_size=\u00a0\u00bbinitial\u00a0\u00bb background_position=\u00a0\u00bbbottom_center\u00a0\u00bb custom_padding=\u00a0\u00bb||80px|||\u00a0\u00bb custom_width_px=\u00a0\u00bb900px\u00a0\u00bb global_colors_info=\u00a0\u00bb{}\u00a0\u00bb][et_pb_row _builder_version=\u00a0\u00bb4.23.1&Prime; custom_padding=\u00a0\u00bb19px|||||\u00a0\u00bb global_colors_info=\u00a0\u00bb{}\u00a0\u00bb][et_pb_column type=\u00a0\u00bb4_4&Prime; _builder_version=\u00a0\u00bb4.16&Prime; custom_padding=\u00a0\u00bb|||\u00a0\u00bb global_colors_info=\u00a0\u00bb{}\u00a0\u00bb custom_padding__hover=\u00a0\u00bb|||\u00a0\u00bb][et_pb_text _builder_version=\u00a0\u00bb4.23.1&Prime; text_font=\u00a0\u00bb||||||||\u00a0\u00bb text_text_color=\u00a0\u00bb#FFFFFF\u00a0\u00bb text_font_size=\u00a0\u00bb16px\u00a0\u00bb text_line_height=\u00a0\u00bb2em\u00a0\u00bb header_font=\u00a0\u00bbOswald||||||||\u00a0\u00bb header_text_color=\u00a0\u00bb#F0D591&Prime; header_font_size=\u00a0\u00bb60px\u00a0\u00bb header_2_font=\u00a0\u00bbOswald||||||||\u00a0\u00bb header_2_font_size=\u00a0\u00bb60px\u00a0\u00bb header_2_line_height=\u00a0\u00bb1.2em\u00a0\u00bb text_orientation=\u00a0\u00bbcenter\u00a0\u00bb max_width=\u00a0\u00bb600px\u00a0\u00bb module_alignment=\u00a0\u00bbcenter\u00a0\u00bb header_2_font_size_tablet=\u00a0\u00bb50px\u00a0\u00bb header_2_font_size_phone=\u00a0\u00bb32px\u00a0\u00bb header_2_font_size_last_edited=\u00a0\u00bbon|desktop\u00a0\u00bb global_colors_info=\u00a0\u00bb{}\u00a0\u00bb]<\/p>\n<h1>Notre \u00e9quipe<\/h1>\n<p>&nbsp;<\/p>\n<p>[\/et_pb_text][\/et_pb_column][\/et_pb_row][et_pb_row column_structure=\u00a0\u00bb1_3,1_3,1_3&Prime; _builder_version=\u00a0\u00bb4.23.1&Prime; _module_preset=\u00a0\u00bbdefault\u00a0\u00bb max_width=\u00a0\u00bb60%\u00a0\u00bb max_width_tablet=\u00a0\u00bb50%\u00a0\u00bb max_width_phone=\u00a0\u00bb50%\u00a0\u00bb max_width_last_edited=\u00a0\u00bbon|tablet\u00a0\u00bb hover_enabled=\u00a0\u00bb0&Prime; global_colors_info=\u00a0\u00bb{}\u00a0\u00bb sticky_enabled=\u00a0\u00bb0&Prime;][et_pb_column type=\u00a0\u00bb1_3&Prime; _builder_version=\u00a0\u00bb4.23.1&Prime; _module_preset=\u00a0\u00bbdefault\u00a0\u00bb global_colors_info=\u00a0\u00bb{}\u00a0\u00bb][et_pb_team_member name=\u00a0\u00bbKris CORLEONE\u00a0\u00bb position=\u00a0\u00bbPr\u00e9sident\u00a0\u00bb image_url=\u00a0\u00bbhttps:\/\/frenchrivieraagency.com\/wp-content\/uploads\/2024\/05\/photo-equipe-kris-corleone@12photo-equipe324PHOTO-PETIT-2.jpg\u00a0\u00bb icon_color=\u00a0\u00bb#F0D591&Prime; _builder_version=\u00a0\u00bb4.23.1&Prime; _module_preset=\u00a0\u00bbdefault\u00a0\u00bb header_font=\u00a0\u00bbOswald||||||||\u00a0\u00bb header_text_color=\u00a0\u00bb#F0D591&Prime; position_font=\u00a0\u00bb||on||||||\u00a0\u00bb position_text_color=\u00a0\u00bb#F0D591&Prime; background_color=\u00a0\u00bb#191919&Prime; background_layout=\u00a0\u00bbdark\u00a0\u00bb custom_margin=\u00a0\u00bb||||false\u00a0\u00bb custom_padding=\u00a0\u00bb25px|25px|25px|25px|true|true\u00a0\u00bb custom_css_free_form=\u00a0\u00bbselector {||||}\u00a0\u00bb global_colors_info=\u00a0\u00bb{}\u00a0\u00bb][\/et_pb_team_member][\/et_pb_column][et_pb_column type=\u00a0\u00bb1_3&Prime; _builder_version=\u00a0\u00bb4.23.1&Prime; _module_preset=\u00a0\u00bbdefault\u00a0\u00bb global_colors_info=\u00a0\u00bb{}\u00a0\u00bb][et_pb_team_member name=\u00a0\u00bbAnthony LIONNARD\u00a0\u00bb position=\u00a0\u00bbDirecteur Commercial\u00a0\u00bb image_url=\u00a0\u00bbhttps:\/\/frenchrivieraagency.com\/wp-content\/uploads\/2024\/05\/photo-equipe-anthony-lionnard-3.png\u00a0\u00bb icon_color=\u00a0\u00bb#F0D591&Prime; _builder_version=\u00a0\u00bb4.23.1&Prime; _module_preset=\u00a0\u00bbdefault\u00a0\u00bb header_font=\u00a0\u00bbOswald||||||||\u00a0\u00bb header_text_color=\u00a0\u00bb#F0D591&Prime; position_font=\u00a0\u00bb||on||||||\u00a0\u00bb position_text_color=\u00a0\u00bb#F0D591&Prime; background_color=\u00a0\u00bb#191919&Prime; background_layout=\u00a0\u00bbdark\u00a0\u00bb custom_margin=\u00a0\u00bb||||false\u00a0\u00bb custom_padding=\u00a0\u00bb25px|25px|25px|25px|true|true\u00a0\u00bb custom_css_free_form=\u00a0\u00bbselector {||||}\u00a0\u00bb global_colors_info=\u00a0\u00bb{}\u00a0\u00bb][\/et_pb_team_member][\/et_pb_column][et_pb_column type=\u00a0\u00bb1_3&Prime; _builder_version=\u00a0\u00bb4.23.1&Prime; _module_preset=\u00a0\u00bbdefault\u00a0\u00bb global_colors_info=\u00a0\u00bb{}\u00a0\u00bb][et_pb_team_member name=\u00a0\u00bbAlexis BONORA\u00a0\u00bb position=\u00a0\u00bbDirecteur Op\u00e9rationnel\u00a0\u00bb image_url=\u00a0\u00bbhttps:\/\/frenchrivieraagency.com\/wp-content\/uploads\/2024\/05\/photo-equipe-alexis-bonora.jpg\u00a0\u00bb icon_color=\u00a0\u00bb#F0D591&Prime; _builder_version=\u00a0\u00bb4.23.1&Prime; _module_preset=\u00a0\u00bbdefault\u00a0\u00bb header_font=\u00a0\u00bbOswald||||||||\u00a0\u00bb header_text_color=\u00a0\u00bb#F0D591&Prime; position_font=\u00a0\u00bb||on||||||\u00a0\u00bb position_text_color=\u00a0\u00bb#F0D591&Prime; background_color=\u00a0\u00bb#191919&Prime; background_layout=\u00a0\u00bbdark\u00a0\u00bb custom_margin=\u00a0\u00bb||||false\u00a0\u00bb custom_padding=\u00a0\u00bb25px|25px|25px|25px|true|true\u00a0\u00bb custom_css_free_form=\u00a0\u00bbselector {||||}\u00a0\u00bb locked=\u00a0\u00bboff\u00a0\u00bb global_colors_info=\u00a0\u00bb{}\u00a0\u00bb][\/et_pb_team_member][\/et_pb_column][\/et_pb_row][\/et_pb_section]<\/p>\n","protected":false},"excerpt":{"rendered":"<p>Notre \u00e9quipe &nbsp;<\/p>\n","protected":false},"author":1,"featured_media":0,"parent":0,"menu_order":0,"comment_status":"closed","ping_status":"closed","template":"","meta":{"_et_pb_use_builder":"on","_et_pb_old_content":"<!-- wp:divi\/placeholder \/-->","_et_gb_content_width":"","footnotes":""},"class_list":["post-87","page","type-page","status-publish","hentry"],"yoast_head":"<!-- This site is optimized with the Yoast SEO plugin v21.5 - https:\/\/yoast.com\/wordpress\/plugins\/seo\/ -->\n<title>Notre \u00e9quipe - French Riviera Agency<\/title>\n<meta name=\"robots\" content=\"index, follow, max-snippet:-1, max-image-preview:large, max-video-preview:-1\" \/>\n<link rel=\"canonical\" href=\"https:\/\/frenchrivieraagency.com\/index.php\/equipe\/\" \/>\n<meta property=\"og:locale\" content=\"fr_FR\" \/>\n<meta property=\"og:type\" content=\"article\" \/>\n<meta property=\"og:title\" content=\"Notre \u00e9quipe - French Riviera Agency\" \/>\n<meta property=\"og:description\" content=\"Notre \u00e9quipe &nbsp;\" \/>\n<meta property=\"og:url\" content=\"https:\/\/frenchrivieraagency.com\/index.php\/equipe\/\" \/>\n<meta property=\"og:site_name\" content=\"French Riviera Agency\" \/>\n<meta property=\"article:modified_time\" content=\"2025-03-31T16:20:14+00:00\" \/>\n<meta name=\"twitter:card\" content=\"summary_large_image\" \/>\n<meta name=\"twitter:label1\" content=\"Dur\u00e9e de lecture estim\u00e9e\" \/>\n\t<meta name=\"twitter:data1\" content=\"2 minutes\" \/>\n<script type=\"application\/ld+json\" class=\"yoast-schema-graph\">{\"@context\":\"https:\/\/schema.org\",\"@graph\":[{\"@type\":\"WebPage\",\"@id\":\"https:\/\/frenchrivieraagency.com\/index.php\/equipe\/\",\"url\":\"https:\/\/frenchrivieraagency.com\/index.php\/equipe\/\",\"name\":\"Notre \u00e9quipe - French Riviera Agency\",\"isPartOf\":{\"@id\":\"https:\/\/frenchrivieraagency.com\/#website\"},\"datePublished\":\"2023-11-20T20:30:23+00:00\",\"dateModified\":\"2025-03-31T16:20:14+00:00\",\"breadcrumb\":{\"@id\":\"https:\/\/frenchrivieraagency.com\/index.php\/equipe\/#breadcrumb\"},\"inLanguage\":\"fr-FR\",\"potentialAction\":[{\"@type\":\"ReadAction\",\"target\":[\"https:\/\/frenchrivieraagency.com\/index.php\/equipe\/\"]}]},{\"@type\":\"BreadcrumbList\",\"@id\":\"https:\/\/frenchrivieraagency.com\/index.php\/equipe\/#breadcrumb\",\"itemListElement\":[{\"@type\":\"ListItem\",\"position\":1,\"name\":\"Accueil\",\"item\":\"https:\/\/frenchrivieraagency.com\/\"},{\"@type\":\"ListItem\",\"position\":2,\"name\":\"Notre \u00e9quipe\"}]},{\"@type\":\"WebSite\",\"@id\":\"https:\/\/frenchrivieraagency.com\/#website\",\"url\":\"https:\/\/frenchrivieraagency.com\/\",\"name\":\"French Riviera Agency\",\"description\":\"Votre Portail pour des \u00c9v\u00e9nements Incomparables sur la C\u00f4te d&#039;Azur\",\"publisher\":{\"@id\":\"https:\/\/frenchrivieraagency.com\/#organization\"},\"potentialAction\":[{\"@type\":\"SearchAction\",\"target\":{\"@type\":\"EntryPoint\",\"urlTemplate\":\"https:\/\/frenchrivieraagency.com\/?s={search_term_string}\"},\"query-input\":\"required name=search_term_string\"}],\"inLanguage\":\"fr-FR\"},{\"@type\":\"Organization\",\"@id\":\"https:\/\/frenchrivieraagency.com\/#organization\",\"name\":\"French Riviera Agency\",\"url\":\"https:\/\/frenchrivieraagency.com\/\",\"logo\":{\"@type\":\"ImageObject\",\"inLanguage\":\"fr-FR\",\"@id\":\"https:\/\/frenchrivieraagency.com\/#\/schema\/logo\/image\/\",\"url\":\"https:\/\/frenchrivieraagency.com\/wp-content\/uploads\/2024\/04\/Logo-FRA-Redimensionne-Nouvelle-version.png\",\"contentUrl\":\"https:\/\/frenchrivieraagency.com\/wp-content\/uploads\/2024\/04\/Logo-FRA-Redimensionne-Nouvelle-version.png\",\"width\":950,\"height\":714,\"caption\":\"French Riviera Agency\"},\"image\":{\"@id\":\"https:\/\/frenchrivieraagency.com\/#\/schema\/logo\/image\/\"}}]}<\/script>\n<!-- \/ Yoast SEO plugin. -->","yoast_head_json":{"title":"Notre \u00e9quipe - French Riviera Agency","robots":{"index":"index","follow":"follow","max-snippet":"max-snippet:-1","max-image-preview":"max-image-preview:large","max-video-preview":"max-video-preview:-1"},"canonical":"https:\/\/frenchrivieraagency.com\/index.php\/equipe\/","og_locale":"fr_FR","og_type":"article","og_title":"Notre \u00e9quipe - French Riviera Agency","og_description":"Notre \u00e9quipe &nbsp;","og_url":"https:\/\/frenchrivieraagency.com\/index.php\/equipe\/","og_site_name":"French Riviera Agency","article_modified_time":"2025-03-31T16:20:14+00:00","twitter_card":"summary_large_image","twitter_misc":{"Dur\u00e9e de lecture estim\u00e9e":"2 minutes"},"schema":{"@context":"https:\/\/schema.org","@graph":[{"@type":"WebPage","@id":"https:\/\/frenchrivieraagency.com\/index.php\/equipe\/","url":"https:\/\/frenchrivieraagency.com\/index.php\/equipe\/","name":"Notre \u00e9quipe - French Riviera Agency","isPartOf":{"@id":"https:\/\/frenchrivieraagency.com\/#website"},"datePublished":"2023-11-20T20:30:23+00:00","dateModified":"2025-03-31T16:20:14+00:00","breadcrumb":{"@id":"https:\/\/frenchrivieraagency.com\/index.php\/equipe\/#breadcrumb"},"inLanguage":"fr-FR","potentialAction":[{"@type":"ReadAction","target":["https:\/\/frenchrivieraagency.com\/index.php\/equipe\/"]}]},{"@type":"BreadcrumbList","@id":"https:\/\/frenchrivieraagency.com\/index.php\/equipe\/#breadcrumb","itemListElement":[{"@type":"ListItem","position":1,"name":"Accueil","item":"https:\/\/frenchrivieraagency.com\/"},{"@type":"ListItem","position":2,"name":"Notre \u00e9quipe"}]},{"@type":"WebSite","@id":"https:\/\/frenchrivieraagency.com\/#website","url":"https:\/\/frenchrivieraagency.com\/","name":"French Riviera Agency","description":"Votre Portail pour des \u00c9v\u00e9nements Incomparables sur la C\u00f4te d&#039;Azur","publisher":{"@id":"https:\/\/frenchrivieraagency.com\/#organization"},"potentialAction":[{"@type":"SearchAction","target":{"@type":"EntryPoint","urlTemplate":"https:\/\/frenchrivieraagency.com\/?s={search_term_string}"},"query-input":"required name=search_term_string"}],"inLanguage":"fr-FR"},{"@type":"Organization","@id":"https:\/\/frenchrivieraagency.com\/#organization","name":"French Riviera Agency","url":"https:\/\/frenchrivieraagency.com\/","logo":{"@type":"ImageObject","inLanguage":"fr-FR","@id":"https:\/\/frenchrivieraagency.com\/#\/schema\/logo\/image\/","url":"https:\/\/frenchrivieraagency.com\/wp-content\/uploads\/2024\/04\/Logo-FRA-Redimensionne-Nouvelle-version.png","contentUrl":"https:\/\/frenchrivieraagency.com\/wp-content\/uploads\/2024\/04\/Logo-FRA-Redimensionne-Nouvelle-version.png","width":950,"height":714,"caption":"French Riviera Agency"},"image":{"@id":"https:\/\/frenchrivieraagency.com\/#\/schema\/logo\/image\/"}}]}},"jetpack_sharing_enabled":true,"_links":{"self":[{"href":"https:\/\/frenchrivieraagency.com\/index.php\/wp-json\/wp\/v2\/pages\/87","targetHints":{"allow":["GET"]}}],"collection":[{"href":"https:\/\/frenchrivieraagency.com\/index.php\/wp-json\/wp\/v2\/pages"}],"about":[{"href":"https:\/\/frenchrivieraagency.com\/index.php\/wp-json\/wp\/v2\/types\/page"}],"author":[{"embeddable":true,"href":"https:\/\/frenchrivieraagency.com\/index.php\/wp-json\/wp\/v2\/users\/1"}],"replies":[{"embeddable":true,"href":"https:\/\/frenchrivieraagency.com\/index.php\/wp-json\/wp\/v2\/comments?post=87"}],"version-history":[{"count":33,"href":"https:\/\/frenchrivieraagency.com\/index.php\/wp-json\/wp\/v2\/pages\/87\/revisions"}],"predecessor-version":[{"id":1293,"href":"https:\/\/frenchrivieraagency.com\/index.php\/wp-json\/wp\/v2\/pages\/87\/revisions\/1293"}],"wp:attachment":[{"href":"https:\/\/frenchrivieraagency.com\/index.php\/wp-json\/wp\/v2\/media?parent=87"}],"curies":[{"name":"wp","href":"https:\/\/api.w.org\/{rel}","templated":true}]}}